{"id":1378,"date":"2021-09-01T17:47:30","date_gmt":"2021-09-01T15:47:30","guid":{"rendered":"https:\/\/www.pugliapop.com\/?page_id=1378"},"modified":"2021-09-15T10:45:24","modified_gmt":"2021-09-15T08:45:24","slug":"condizioni-di-vendita","status":"publish","type":"page","link":"https:\/\/pugliapop.com\/it\/condizioni-di-vendita\/","title":{"rendered":"Condizioni di vendita"},"content":{"rendered":"\t\t<div data-elementor-type=\"wp-page\" data-elementor-id=\"1378\" class=\"elementor elementor-1378\" data-elementor-post-type=\"page\">\n\t\t\t\t\t\t<section class=\"elementor-section elementor-top-section elementor-element elementor-element-9627c81 elementor-section-boxed elementor-section-height-default elementor-section-height-default\" data-id=\"9627c81\" data-element_type=\"section\" data-e-type=\"section\">\n\t\t\t\t\t\t<div class=\"elementor-container elementor-column-gap-default\">\n\t\t\t\t\t<div class=\"elementor-column elementor-col-100 elementor-top-column elementor-element elementor-element-642a75c\" data-id=\"642a75c\" data-element_type=\"column\" data-e-type=\"column\">\n\t\t\t<div class=\"elementor-widget-wrap elementor-element-populated\">\n\t\t\t\t\t\t<div class=\"elementor-element elementor-element-7a9435b elementor-widget elementor-widget-heading\" data-id=\"7a9435b\" data-element_type=\"widget\" data-e-type=\"widget\" data-widget_type=\"heading.default\">\n\t\t\t\t\t<h2 class=\"elementor-heading-title elementor-size-default\">Condizioni di vendita<\/h2>\t\t\t\t<\/div>\n\t\t\t\t<div class=\"elementor-element elementor-element-ae1e20b elementor-widget elementor-widget-text-editor\" data-id=\"ae1e20b\" data-element_type=\"widget\" data-e-type=\"widget\" data-widget_type=\"text-editor.default\">\n\t\t\t\t\t\t\t\t\t<p><strong>CONTRATTO DI VENDITA<\/strong><br \/>L\u2019acquisto di vini, come di tutti gli alcolici, \u00e8 esclusivamente permesso ai maggiori di 18 anni. PugliaPop \u00e8 un negozio on-line che rispetta la normativa vigente in materia di e-commerce. Nessuna variazione sar\u00e0 possibile dopo l\u2019emissione della fattura stessa. La corretta ricezione dell\u2019ordine \u00e8 confermata da PugliaPop mediante risposta via email, inviata all\u2019indirizzo di posta elettronica comunicata dal cliente. <br \/>Tale messaggio di conferma riproporr\u00e0 tutti i dati inseriti dal cliente che si impegna a verificarne la correttezza e a comunicare tempestivamente eventuali correzioni. Effettuando l\u2019ordine sul sito PugliaPop il cliente dichiara di aver preso visione, delle condizioni di vendita, delle modalit\u00e0 di pagamento proposte e di tutta la procedura di acquisto.<\/p><p><strong>PROCEDURA DI ACQUISTO<\/strong><br \/>Ciascun ordine inviato costituisce un\u2019offerta per l\u2019acquisto dei prodotti. Gli ordini sono soggetti alla disponibilit\u00e0 ed alla discrezionale accettazione del Titolare. L\u2019Utente deve selezionare i prodotti ed effettuare il check-out, dopo aver verificato attentamente ed eventualmente modificato le informazioni contenute nel riepilogo d\u2019ordine. L\u2019ordine \u00e8 effettuato mediante la conferma dello stesso ed \u00e8 subordinato al pagamento del prezzo, delle imposte e delle spese di spedizione e di pagamento indicate nel modulo di riepilogo dell\u2019ordine. La Ricevuta di elaborazione d\u2019Ordine non costituisce accettazione dell\u2019ordine. La conclusione del contratto avviene al momento dell\u2019invio della Conferma d\u2019Ordine da parte del Titolare all\u2019indirizzo email fornito dall\u2019Utente. Il Titolare si riserva la possibilit\u00e0 di non confermare un ordine comunicando all\u2019Utente entro 20 giorni dall\u2019acquisto, all\u2019indirizzo email associato al suo acquisto, l\u2019eventuale indisponibilit\u00e0 di uno o pi\u00f9 dei prodotti acquistati. In questo caso il Titolare provveder\u00e0 al rimborso del prezzo e delle spese di spedizione sostenute dall\u2019Utente.<\/p><p><strong>PREZZI DEI PRODOTTI<\/strong><br \/>Tutti i prezzi dei prodotti in vendita sul Sito sono espressi in Euro (\u20ac) e, ove non diversamente specificato, si intendono comprensivi IVA (Imposta sul Valore Aggiunto). Le spese di spedizione e ogni altro eventuale costo aggiuntivo, comprensivi di IVA ed espressi in Euro (\u20ac), saranno espressamente e separatamente indicati nel modulo d\u2019ordine prima che l\u2019utente proceda alla trasmissione del medesimo nonch\u00e9 sulla e-mail di conferma dell\u2019ordine. Il prezzo dei prodotti pu\u00f2 essere modificato senza preavviso, fermo restando che il prezzo addebitato all\u2019Utente sar\u00e0 quello pubblicato sulla scheda del prodotto al momento dell\u2019invio dell\u2019ordine.<\/p>\t\t\t\t\t\t\t\t<\/div>\n\t\t\t\t<div class=\"elementor-element elementor-element-5cfe229 elementor-widget elementor-widget-heading\" data-id=\"5cfe229\" data-element_type=\"widget\" data-e-type=\"widget\" data-widget_type=\"heading.default\">\n\t\t\t\t\t<h2 class=\"elementor-heading-title elementor-size-default\">Hai bisogno di aiuto?<\/h2>\t\t\t\t<\/div>\n\t\t\t\t<section class=\"elementor-section elementor-inner-section elementor-element elementor-element-d94fa06 elementor-section-boxed elementor-section-height-default elementor-section-height-default\" data-id=\"d94fa06\" data-element_type=\"section\" data-e-type=\"section\">\n\t\t\t\t\t\t<div class=\"elementor-container elementor-column-gap-default\">\n\t\t\t\t\t<div class=\"elementor-column elementor-col-100 elementor-inner-column elementor-element elementor-element-0178031 raven-column-flex-horizontal\" data-id=\"0178031\" data-element_type=\"column\" data-e-type=\"column\">\n\t\t\t<div class=\"elementor-widget-wrap elementor-element-populated\">\n\t\t\t\t\t\t<div class=\"elementor-element elementor-element-45636d3 elementor-widget elementor-widget-image\" data-id=\"45636d3\" data-element_type=\"widget\" data-e-type=\"widget\" data-widget_type=\"image.default\">\n\t\t\t\t\t\t\t\t\t\t\t\t\t\t\t\t<a href=\"\">\n\t\t\t\t\t\t\t<img fetchpriority=\"high\" decoding=\"async\" width=\"512\" height=\"512\" src=\"https:\/\/pugliapop.com\/wp-content\/uploads\/2021\/09\/whatsapp.png\" class=\"attachment-large size-large wp-image-3328\" alt=\"\" srcset=\"https:\/\/pugliapop.com\/wp-content\/uploads\/2021\/09\/whatsapp.png 512w, https:\/\/pugliapop.com\/wp-content\/uploads\/2021\/09\/whatsapp-300x300.png 300w, https:\/\/pugliapop.com\/wp-content\/uploads\/2021\/09\/whatsapp-150x150.png 150w, https:\/\/pugliapop.com\/wp-content\/uploads\/2021\/09\/whatsapp-500x500.png 500w, https:\/\/pugliapop.com\/wp-content\/uploads\/2021\/09\/whatsapp-400x400.png 400w, https:\/\/pugliapop.com\/wp-content\/uploads\/2021\/09\/whatsapp-100x100.png 100w\" sizes=\"(max-width: 512px) 100vw, 512px\" \/>\t\t\t\t\t\t\t\t<\/a>\n\t\t\t\t\t\t\t\t\t\t\t\t\t\t\t<\/div>\n\t\t\t\t<div class=\"elementor-element elementor-element-93a3e9a elementor-widget elementor-widget-icon-box\" data-id=\"93a3e9a\" data-element_type=\"widget\" data-e-type=\"widget\" data-widget_type=\"icon-box.default\">\n\t\t\t\t\t\t\t<div class=\"elementor-icon-box-wrapper\">\n\n\t\t\t\n\t\t\t\t\t\t<div class=\"elementor-icon-box-content\">\n\n\t\t\t\t\t\t\t\t\t<h3 class=\"elementor-icon-box-title\">\n\t\t\t\t\t\t<a href=\"\" >\n\t\t\t\t\t\t\tContattaci su Whatsapp\t\t\t\t\t\t<\/a>\n\t\t\t\t\t<\/h3>\n\t\t\t\t\n\t\t\t\t\t\t\t\t\t<p class=\"elementor-icon-box-description\">\n\t\t\t\t\t\t +39 334 121 99 36\t\t\t\t\t<\/p>\n\t\t\t\t\n\t\t\t<\/div>\n\t\t\t\n\t\t<\/div>\n\t\t\t\t\t\t<\/div>\n\t\t\t\t\t<\/div>\n\t\t<\/div>\n\t\t\t\t\t<\/div>\n\t\t<\/section>\n\t\t\t\t\t<\/div>\n\t\t<\/div>\n\t\t\t\t\t<\/div>\n\t\t<\/section>\n\t\t\t\t<\/div>\n\t\t","protected":false},"excerpt":{"rendered":"<p>Condizioni di vendita CONTRATTO DI VENDITAL\u2019acquisto di vini, come di tutti gli alcolici, \u00e8 esclusivamente permesso ai maggiori di 18 anni. PugliaPop \u00e8 un negozio on-line che rispetta la normativa vigente in materia di e-commerce. Nessuna variazione sar\u00e0 possibile dopo l\u2019emissione della fattura stessa. La corretta ricezione dell\u2019ordine \u00e8 confermata da PugliaPop mediante risposta via [&hellip;]<\/p>\n","protected":false},"author":2,"featured_media":0,"parent":0,"menu_order":0,"comment_status":"closed","ping_status":"closed","template":"","meta":{"_acf_changed":false,"footnotes":""},"class_list":["post-1378","page","type-page","status-publish","hentry"],"acf":[],"yoast_head":"<!-- This site is optimized with the Yoast SEO plugin v27.0 - https:\/\/yoast.com\/product\/yoast-seo-wordpress\/ -->\n<title>Condizioni di vendita - Puglia Pop<\/title>\n<meta name=\"robots\" content=\"index, follow, max-snippet:-1, max-image-preview:large, max-video-preview:-1\" \/>\n<link rel=\"canonical\" href=\"https:\/\/pugliapop.com\/it\/condizioni-di-vendita\/\" \/>\n<meta property=\"og:locale\" content=\"it_IT\" \/>\n<meta property=\"og:type\" content=\"article\" \/>\n<meta property=\"og:title\" content=\"Condizioni di vendita - Puglia Pop\" \/>\n<meta property=\"og:description\" content=\"Condizioni di vendita CONTRATTO DI VENDITAL\u2019acquisto di vini, come di tutti gli alcolici, \u00e8 esclusivamente permesso ai maggiori di 18 anni. PugliaPop \u00e8 un negozio on-line che rispetta la normativa vigente in materia di e-commerce. Nessuna variazione sar\u00e0 possibile dopo l\u2019emissione della fattura stessa. La corretta ricezione dell\u2019ordine \u00e8 confermata da PugliaPop mediante risposta via [&hellip;]\" \/>\n<meta property=\"og:url\" content=\"https:\/\/pugliapop.com\/it\/condizioni-di-vendita\/\" \/>\n<meta property=\"og:site_name\" content=\"Puglia Pop\" \/>\n<meta property=\"article:modified_time\" content=\"2021-09-15T08:45:24+00:00\" \/>\n<meta property=\"og:image\" content=\"https:\/\/pugliapop.com\/wp-content\/uploads\/2021\/09\/whatsapp.png\" \/>\n<meta name=\"twitter:card\" content=\"summary_large_image\" \/>\n<meta name=\"twitter:label1\" content=\"Tempo di lettura stimato\" \/>\n\t<meta name=\"twitter:data1\" content=\"2 minuti\" \/>\n<script type=\"application\/ld+json\" class=\"yoast-schema-graph\">{\"@context\":\"https:\/\/schema.org\",\"@graph\":[{\"@type\":\"WebPage\",\"@id\":\"https:\/\/pugliapop.com\/it\/condizioni-di-vendita\/\",\"url\":\"https:\/\/pugliapop.com\/it\/condizioni-di-vendita\/\",\"name\":\"Condizioni di vendita - Puglia Pop\",\"isPartOf\":{\"@id\":\"https:\/\/pugliapop.com\/it\/#website\"},\"primaryImageOfPage\":{\"@id\":\"https:\/\/pugliapop.com\/it\/condizioni-di-vendita\/#primaryimage\"},\"image\":{\"@id\":\"https:\/\/pugliapop.com\/it\/condizioni-di-vendita\/#primaryimage\"},\"thumbnailUrl\":\"https:\/\/pugliapop.com\/wp-content\/uploads\/2021\/09\/whatsapp.png\",\"datePublished\":\"2021-09-01T15:47:30+00:00\",\"dateModified\":\"2021-09-15T08:45:24+00:00\",\"breadcrumb\":{\"@id\":\"https:\/\/pugliapop.com\/it\/condizioni-di-vendita\/#breadcrumb\"},\"inLanguage\":\"it-IT\",\"potentialAction\":[{\"@type\":\"ReadAction\",\"target\":[\"https:\/\/pugliapop.com\/it\/condizioni-di-vendita\/\"]}]},{\"@type\":\"ImageObject\",\"inLanguage\":\"it-IT\",\"@id\":\"https:\/\/pugliapop.com\/it\/condizioni-di-vendita\/#primaryimage\",\"url\":\"https:\/\/pugliapop.com\/wp-content\/uploads\/2021\/09\/whatsapp.png\",\"contentUrl\":\"https:\/\/pugliapop.com\/wp-content\/uploads\/2021\/09\/whatsapp.png\"},{\"@type\":\"BreadcrumbList\",\"@id\":\"https:\/\/pugliapop.com\/it\/condizioni-di-vendita\/#breadcrumb\",\"itemListElement\":[{\"@type\":\"ListItem\",\"position\":1,\"name\":\"Home\",\"item\":\"https:\/\/pugliapop.com\/it\/\"},{\"@type\":\"ListItem\",\"position\":2,\"name\":\"Condizioni di vendita\"}]},{\"@type\":\"WebSite\",\"@id\":\"https:\/\/pugliapop.com\/it\/#website\",\"url\":\"https:\/\/pugliapop.com\/it\/\",\"name\":\"Puglia Pop\",\"description\":\"Unconventional state of wine\",\"potentialAction\":[{\"@type\":\"SearchAction\",\"target\":{\"@type\":\"EntryPoint\",\"urlTemplate\":\"https:\/\/pugliapop.com\/it\/?s={search_term_string}\"},\"query-input\":{\"@type\":\"PropertyValueSpecification\",\"valueRequired\":true,\"valueName\":\"search_term_string\"}}],\"inLanguage\":\"it-IT\"}]}<\/script>\n<!-- \/ Yoast SEO plugin. -->","yoast_head_json":{"title":"Condizioni di vendita - Puglia Pop","robots":{"index":"index","follow":"follow","max-snippet":"max-snippet:-1","max-image-preview":"max-image-preview:large","max-video-preview":"max-video-preview:-1"},"canonical":"https:\/\/pugliapop.com\/it\/condizioni-di-vendita\/","og_locale":"it_IT","og_type":"article","og_title":"Condizioni di vendita - Puglia Pop","og_description":"Condizioni di vendita CONTRATTO DI VENDITAL\u2019acquisto di vini, come di tutti gli alcolici, \u00e8 esclusivamente permesso ai maggiori di 18 anni. PugliaPop \u00e8 un negozio on-line che rispetta la normativa vigente in materia di e-commerce. Nessuna variazione sar\u00e0 possibile dopo l\u2019emissione della fattura stessa. La corretta ricezione dell\u2019ordine \u00e8 confermata da PugliaPop mediante risposta via [&hellip;]","og_url":"https:\/\/pugliapop.com\/it\/condizioni-di-vendita\/","og_site_name":"Puglia Pop","article_modified_time":"2021-09-15T08:45:24+00:00","og_image":[{"url":"https:\/\/pugliapop.com\/wp-content\/uploads\/2021\/09\/whatsapp.png","type":"","width":"","height":""}],"twitter_card":"summary_large_image","twitter_misc":{"Tempo di lettura stimato":"2 minuti"},"schema":{"@context":"https:\/\/schema.org","@graph":[{"@type":"WebPage","@id":"https:\/\/pugliapop.com\/it\/condizioni-di-vendita\/","url":"https:\/\/pugliapop.com\/it\/condizioni-di-vendita\/","name":"Condizioni di vendita - Puglia Pop","isPartOf":{"@id":"https:\/\/pugliapop.com\/it\/#website"},"primaryImageOfPage":{"@id":"https:\/\/pugliapop.com\/it\/condizioni-di-vendita\/#primaryimage"},"image":{"@id":"https:\/\/pugliapop.com\/it\/condizioni-di-vendita\/#primaryimage"},"thumbnailUrl":"https:\/\/pugliapop.com\/wp-content\/uploads\/2021\/09\/whatsapp.png","datePublished":"2021-09-01T15:47:30+00:00","dateModified":"2021-09-15T08:45:24+00:00","breadcrumb":{"@id":"https:\/\/pugliapop.com\/it\/condizioni-di-vendita\/#breadcrumb"},"inLanguage":"it-IT","potentialAction":[{"@type":"ReadAction","target":["https:\/\/pugliapop.com\/it\/condizioni-di-vendita\/"]}]},{"@type":"ImageObject","inLanguage":"it-IT","@id":"https:\/\/pugliapop.com\/it\/condizioni-di-vendita\/#primaryimage","url":"https:\/\/pugliapop.com\/wp-content\/uploads\/2021\/09\/whatsapp.png","contentUrl":"https:\/\/pugliapop.com\/wp-content\/uploads\/2021\/09\/whatsapp.png"},{"@type":"BreadcrumbList","@id":"https:\/\/pugliapop.com\/it\/condizioni-di-vendita\/#breadcrumb","itemListElement":[{"@type":"ListItem","position":1,"name":"Home","item":"https:\/\/pugliapop.com\/it\/"},{"@type":"ListItem","position":2,"name":"Condizioni di vendita"}]},{"@type":"WebSite","@id":"https:\/\/pugliapop.com\/it\/#website","url":"https:\/\/pugliapop.com\/it\/","name":"Puglia Pop","description":"Unconventional state of wine","potentialAction":[{"@type":"SearchAction","target":{"@type":"EntryPoint","urlTemplate":"https:\/\/pugliapop.com\/it\/?s={search_term_string}"},"query-input":{"@type":"PropertyValueSpecification","valueRequired":true,"valueName":"search_term_string"}}],"inLanguage":"it-IT"}]}},"_links":{"self":[{"href":"https:\/\/pugliapop.com\/it\/wp-json\/wp\/v2\/pages\/1378","targetHints":{"allow":["GET"]}}],"collection":[{"href":"https:\/\/pugliapop.com\/it\/wp-json\/wp\/v2\/pages"}],"about":[{"href":"https:\/\/pugliapop.com\/it\/wp-json\/wp\/v2\/types\/page"}],"author":[{"embeddable":true,"href":"https:\/\/pugliapop.com\/it\/wp-json\/wp\/v2\/users\/2"}],"replies":[{"embeddable":true,"href":"https:\/\/pugliapop.com\/it\/wp-json\/wp\/v2\/comments?post=1378"}],"version-history":[{"count":0,"href":"https:\/\/pugliapop.com\/it\/wp-json\/wp\/v2\/pages\/1378\/revisions"}],"wp:attachment":[{"href":"https:\/\/pugliapop.com\/it\/wp-json\/wp\/v2\/media?parent=1378"}],"curies":[{"name":"wp","href":"https:\/\/api.w.org\/{rel}","templated":true}]}}